{"id":3658,"date":"2026-05-14T13:03:07","date_gmt":"2026-05-14T11:03:07","guid":{"rendered":"https:\/\/motosfma.com\/?post_type=product&#038;p=3658"},"modified":"2026-05-14T13:03:07","modified_gmt":"2026-05-14T11:03:07","slug":"pareja-membranas-carburador-xs400-xs750-xs1100","status":"publish","type":"product","link":"https:\/\/motosfma.com\/en\/producto\/pareja-membranas-carburador-xs400-xs750-xs1100\/","title":{"rendered":"Pareja membranas carburador XS400 \/ XS750 \/XS1100"},"content":{"rendered":"<p>Pareja de membranas de carburador nuevas originales Yamaha para XS400 (3N7) a\u00f1o 1979, XS750 (3G9) a\u00f1o 1979, y XS1100 (3X0) a\u00f1o 1980. Descatalogadas.<\/p>\n<p>Referencia Yamaha: 2F3-14940-00<\/p>\n","protected":false},"excerpt":{"rendered":"<p>Pareja de membranas de carburador nuevas originales Yamaha para XS400 (3N7) a\u00f1o 1979, XS750 (3G9) a\u00f1o 1979, y XS1100 (3X0) a\u00f1o 1980. Descatalogadas. Referencia Yamaha: 2F3-14940-00<\/p>\n","protected":false},"featured_media":3659,"comment_status":"open","ping_status":"closed","template":"","meta":[],"product_brand":[],"product_cat":[27,43],"product_tag":[],"class_list":{"0":"post-3658","1":"product","2":"type-product","3":"status-publish","4":"has-post-thumbnail","6":"product_cat-la-pieceria","7":"product_cat-yamaha","9":"first","10":"instock","11":"taxable","12":"shipping-taxable","13":"purchasable","14":"product-type-simple"},"_links":{"self":[{"href":"https:\/\/motosfma.com\/en\/wp-json\/wp\/v2\/product\/3658","targetHints":{"allow":["GET"]}}],"collection":[{"href":"https:\/\/motosfma.com\/en\/wp-json\/wp\/v2\/product"}],"about":[{"href":"https:\/\/motosfma.com\/en\/wp-json\/wp\/v2\/types\/product"}],"replies":[{"embeddable":true,"href":"https:\/\/motosfma.com\/en\/wp-json\/wp\/v2\/comments?post=3658"}],"wp:featuredmedia":[{"embeddable":true,"href":"https:\/\/motosfma.com\/en\/wp-json\/wp\/v2\/media\/3659"}],"wp:attachment":[{"href":"https:\/\/motosfma.com\/en\/wp-json\/wp\/v2\/media?parent=3658"}],"wp:term":[{"taxonomy":"product_brand","embeddable":true,"href":"https:\/\/motosfma.com\/en\/wp-json\/wp\/v2\/product_brand?post=3658"},{"taxonomy":"product_cat","embeddable":true,"href":"https:\/\/motosfma.com\/en\/wp-json\/wp\/v2\/product_cat?post=3658"},{"taxonomy":"product_tag","embeddable":true,"href":"https:\/\/motosfma.com\/en\/wp-json\/wp\/v2\/product_tag?post=3658"}],"curies":[{"name":"wp","href":"https:\/\/api.w.org\/{rel}","templated":true}]}}