{"id":3650,"date":"2026-05-13T14:07:47","date_gmt":"2026-05-13T12:07:47","guid":{"rendered":"https:\/\/motosfma.com\/?post_type=product&#038;p=3650"},"modified":"2026-05-13T14:07:47","modified_gmt":"2026-05-13T12:07:47","slug":"tapa-lateral-derecha-xtz660-tenere-1994","status":"publish","type":"product","link":"https:\/\/motosfma.com\/en\/producto\/tapa-lateral-derecha-xtz660-tenere-1994\/","title":{"rendered":"Tapa lateral derecha XTZ660 Tener\u00e9 1994"},"content":{"rendered":"<p>Tapa original Yamaha nueva para XTZ660 Tener\u00e9 del a\u00f1o 1994. Incluye adhesivos y el protector trasero de escape.<\/p>\n<p>Referencia Yamaha: 4MY-Y2172-40-33. Descatalogada.<\/p>\n","protected":false},"excerpt":{"rendered":"<p>Tapa original Yamaha nueva para XTZ660 Tener\u00e9 del a\u00f1o 1994. Incluye adhesivos y el protector trasero de escape. Referencia Yamaha: 4MY-Y2172-40-33. Descatalogada.<\/p>\n","protected":false},"featured_media":3651,"comment_status":"open","ping_status":"closed","template":"","meta":[],"product_brand":[],"product_cat":[27,43],"product_tag":[],"class_list":{"0":"post-3650","1":"product","2":"type-product","3":"status-publish","4":"has-post-thumbnail","6":"product_cat-la-pieceria","7":"product_cat-yamaha","9":"first","10":"instock","11":"sale","12":"taxable","13":"shipping-taxable","14":"purchasable","15":"product-type-simple"},"_links":{"self":[{"href":"https:\/\/motosfma.com\/en\/wp-json\/wp\/v2\/product\/3650","targetHints":{"allow":["GET"]}}],"collection":[{"href":"https:\/\/motosfma.com\/en\/wp-json\/wp\/v2\/product"}],"about":[{"href":"https:\/\/motosfma.com\/en\/wp-json\/wp\/v2\/types\/product"}],"replies":[{"embeddable":true,"href":"https:\/\/motosfma.com\/en\/wp-json\/wp\/v2\/comments?post=3650"}],"wp:featuredmedia":[{"embeddable":true,"href":"https:\/\/motosfma.com\/en\/wp-json\/wp\/v2\/media\/3651"}],"wp:attachment":[{"href":"https:\/\/motosfma.com\/en\/wp-json\/wp\/v2\/media?parent=3650"}],"wp:term":[{"taxonomy":"product_brand","embeddable":true,"href":"https:\/\/motosfma.com\/en\/wp-json\/wp\/v2\/product_brand?post=3650"},{"taxonomy":"product_cat","embeddable":true,"href":"https:\/\/motosfma.com\/en\/wp-json\/wp\/v2\/product_cat?post=3650"},{"taxonomy":"product_tag","embeddable":true,"href":"https:\/\/motosfma.com\/en\/wp-json\/wp\/v2\/product_tag?post=3650"}],"curies":[{"name":"wp","href":"https:\/\/api.w.org\/{rel}","templated":true}]}}