{"id":3587,"date":"2026-04-21T12:41:37","date_gmt":"2026-04-21T10:41:37","guid":{"rendered":"https:\/\/motosfma.com\/?post_type=product&#038;p=3587"},"modified":"2026-04-21T12:41:37","modified_gmt":"2026-04-21T10:41:37","slug":"maneta-izquierda-con-soporte-xc125-cygnus-cygnus-x","status":"publish","type":"product","link":"https:\/\/motosfma.com\/en\/producto\/maneta-izquierda-con-soporte-xc125-cygnus-cygnus-x\/","title":{"rendered":"Maneta izquierda con soporte XC125 Cygnus\/ Cygnus X"},"content":{"rendered":"<p>Nuevo Yamaha. Conjunto de maneta izquierda con soporte e interruptor de freno, v\u00e1lido para XC125 Cygnus a\u00f1os 2005 a 2008 y XC125 Cygnus 125 X a\u00f1os 2008 a 2012.\u00a0<\/p>\n<p>Referencia Yamaha: 5ML-H2910-20<\/p>\n","protected":false},"excerpt":{"rendered":"<p>Nuevo Yamaha. Conjunto de maneta izquierda con soporte e interruptor de freno, v\u00e1lido para XC125 Cygnus a\u00f1os 2005 a 2008 y XC125 Cygnus 125 X a\u00f1os 2008 a 2012.\u00a0 Referencia Yamaha: 5ML-H2910-20<\/p>\n","protected":false},"featured_media":3588,"comment_status":"open","ping_status":"closed","template":"","meta":[],"product_brand":[],"product_cat":[27,43],"product_tag":[],"class_list":{"0":"post-3587","1":"product","2":"type-product","3":"status-publish","4":"has-post-thumbnail","6":"product_cat-la-pieceria","7":"product_cat-yamaha","9":"first","10":"instock","11":"sale","12":"taxable","13":"shipping-taxable","14":"purchasable","15":"product-type-simple"},"_links":{"self":[{"href":"https:\/\/motosfma.com\/en\/wp-json\/wp\/v2\/product\/3587","targetHints":{"allow":["GET"]}}],"collection":[{"href":"https:\/\/motosfma.com\/en\/wp-json\/wp\/v2\/product"}],"about":[{"href":"https:\/\/motosfma.com\/en\/wp-json\/wp\/v2\/types\/product"}],"replies":[{"embeddable":true,"href":"https:\/\/motosfma.com\/en\/wp-json\/wp\/v2\/comments?post=3587"}],"wp:featuredmedia":[{"embeddable":true,"href":"https:\/\/motosfma.com\/en\/wp-json\/wp\/v2\/media\/3588"}],"wp:attachment":[{"href":"https:\/\/motosfma.com\/en\/wp-json\/wp\/v2\/media?parent=3587"}],"wp:term":[{"taxonomy":"product_brand","embeddable":true,"href":"https:\/\/motosfma.com\/en\/wp-json\/wp\/v2\/product_brand?post=3587"},{"taxonomy":"product_cat","embeddable":true,"href":"https:\/\/motosfma.com\/en\/wp-json\/wp\/v2\/product_cat?post=3587"},{"taxonomy":"product_tag","embeddable":true,"href":"https:\/\/motosfma.com\/en\/wp-json\/wp\/v2\/product_tag?post=3587"}],"curies":[{"name":"wp","href":"https:\/\/api.w.org\/{rel}","templated":true}]}}