{"id":3516,"date":"2026-03-17T12:15:19","date_gmt":"2026-03-17T11:15:19","guid":{"rendered":"https:\/\/motosfma.com\/?post_type=product&#038;p=3516"},"modified":"2026-04-13T14:26:57","modified_gmt":"2026-04-13T12:26:57","slug":"kit-reparacion-bomba-freno-delantera","status":"publish","type":"product","link":"https:\/\/motosfma.com\/en\/producto\/kit-reparacion-bomba-freno-delantera\/","title":{"rendered":"Kit reparaci\u00f3n bomba freno delantera"},"content":{"rendered":"<p>Marca Tourmax. V\u00e1lida para todos los modelos de XT600 salvo el modelo 2KF y la XT600Z Tener\u00e9.<\/p>\n","protected":false},"excerpt":{"rendered":"<p>Marca Tourmax. V\u00e1lida para todos los modelos de XT600 salvo el modelo 2KF y la XT600Z Tener\u00e9.<\/p>\n","protected":false},"featured_media":3517,"comment_status":"open","ping_status":"closed","template":"","meta":[],"product_brand":[],"product_cat":[26,39],"product_tag":[],"class_list":{"0":"post-3516","1":"product","2":"type-product","3":"status-publish","4":"has-post-thumbnail","6":"product_cat-xt600","7":"product_cat-01-parte-delantera-xt600","9":"first","10":"onbackorder","11":"taxable","12":"shipping-taxable","13":"purchasable","14":"product-type-simple"},"_links":{"self":[{"href":"https:\/\/motosfma.com\/en\/wp-json\/wp\/v2\/product\/3516","targetHints":{"allow":["GET"]}}],"collection":[{"href":"https:\/\/motosfma.com\/en\/wp-json\/wp\/v2\/product"}],"about":[{"href":"https:\/\/motosfma.com\/en\/wp-json\/wp\/v2\/types\/product"}],"replies":[{"embeddable":true,"href":"https:\/\/motosfma.com\/en\/wp-json\/wp\/v2\/comments?post=3516"}],"wp:featuredmedia":[{"embeddable":true,"href":"https:\/\/motosfma.com\/en\/wp-json\/wp\/v2\/media\/3517"}],"wp:attachment":[{"href":"https:\/\/motosfma.com\/en\/wp-json\/wp\/v2\/media?parent=3516"}],"wp:term":[{"taxonomy":"product_brand","embeddable":true,"href":"https:\/\/motosfma.com\/en\/wp-json\/wp\/v2\/product_brand?post=3516"},{"taxonomy":"product_cat","embeddable":true,"href":"https:\/\/motosfma.com\/en\/wp-json\/wp\/v2\/product_cat?post=3516"},{"taxonomy":"product_tag","embeddable":true,"href":"https:\/\/motosfma.com\/en\/wp-json\/wp\/v2\/product_tag?post=3516"}],"curies":[{"name":"wp","href":"https:\/\/api.w.org\/{rel}","templated":true}]}}