{"id":3502,"date":"2026-03-16T17:34:40","date_gmt":"2026-03-16T16:34:40","guid":{"rendered":"https:\/\/motosfma.com\/?post_type=product&#038;p=3502"},"modified":"2026-03-16T17:34:40","modified_gmt":"2026-03-16T16:34:40","slug":"guia-cadena-yz-wr","status":"publish","type":"product","link":"https:\/\/motosfma.com\/en\/producto\/guia-cadena-yz-wr\/","title":{"rendered":"Gu\u00eda cadena YZ\/WR"},"content":{"rendered":"<p>Gu\u00eda cadena nueva original Yamaha para YZ125 a\u00f1os 94 a 96, YZ250 a\u00f1os 94 y 95, WR250 a\u00f1o 94.<\/p>\n<p>Referencia Yamaha 4EW-22199-01. Descatalogada. Solo disponemos de una unidad.<\/p>\n","protected":false},"excerpt":{"rendered":"<p>Gu\u00eda cadena nueva original Yamaha para YZ125 a\u00f1os 94 a 96, YZ250 a\u00f1os 94 y 95, WR250 a\u00f1o 94. Referencia Yamaha 4EW-22199-01. Descatalogada. Solo disponemos de una unidad.<\/p>\n","protected":false},"featured_media":3503,"comment_status":"open","ping_status":"closed","template":"","meta":[],"product_brand":[],"product_cat":[27,43],"product_tag":[],"class_list":{"0":"post-3502","1":"product","2":"type-product","3":"status-publish","4":"has-post-thumbnail","6":"product_cat-la-pieceria","7":"product_cat-yamaha","9":"first","10":"instock","11":"taxable","12":"shipping-taxable","13":"purchasable","14":"product-type-simple"},"_links":{"self":[{"href":"https:\/\/motosfma.com\/en\/wp-json\/wp\/v2\/product\/3502","targetHints":{"allow":["GET"]}}],"collection":[{"href":"https:\/\/motosfma.com\/en\/wp-json\/wp\/v2\/product"}],"about":[{"href":"https:\/\/motosfma.com\/en\/wp-json\/wp\/v2\/types\/product"}],"replies":[{"embeddable":true,"href":"https:\/\/motosfma.com\/en\/wp-json\/wp\/v2\/comments?post=3502"}],"wp:featuredmedia":[{"embeddable":true,"href":"https:\/\/motosfma.com\/en\/wp-json\/wp\/v2\/media\/3503"}],"wp:attachment":[{"href":"https:\/\/motosfma.com\/en\/wp-json\/wp\/v2\/media?parent=3502"}],"wp:term":[{"taxonomy":"product_brand","embeddable":true,"href":"https:\/\/motosfma.com\/en\/wp-json\/wp\/v2\/product_brand?post=3502"},{"taxonomy":"product_cat","embeddable":true,"href":"https:\/\/motosfma.com\/en\/wp-json\/wp\/v2\/product_cat?post=3502"},{"taxonomy":"product_tag","embeddable":true,"href":"https:\/\/motosfma.com\/en\/wp-json\/wp\/v2\/product_tag?post=3502"}],"curies":[{"name":"wp","href":"https:\/\/api.w.org\/{rel}","templated":true}]}}