{"id":3495,"date":"2026-03-16T14:48:21","date_gmt":"2026-03-16T13:48:21","guid":{"rendered":"https:\/\/motosfma.com\/?post_type=product&#038;p=3495"},"modified":"2026-03-16T14:48:21","modified_gmt":"2026-03-16T13:48:21","slug":"protector-motor-lado-derecho-yz-wr","status":"publish","type":"product","link":"https:\/\/motosfma.com\/en\/producto\/protector-motor-lado-derecho-yz-wr\/","title":{"rendered":"Protector motor lado derecho YZ\/WR"},"content":{"rendered":"<p>Protector de motor del lado derecho, nuevo Yamaha para los siguientes modelos de YZ y WR:<\/p>\n<p>YZ400 a\u00f1os 98 y 99, YZ426 a\u00f1os 2000 a 2002, WR400 a\u00f1os 98 a 2002, WR426 a\u00f1os 2001 a 2002.<\/p>\n<p>Referencia Yamaha: 5BE-2147A-00. Descatalogado. Solo disponemos de una unidad.<\/p>\n","protected":false},"excerpt":{"rendered":"<p>Protector de motor del lado derecho, nuevo Yamaha para los siguientes modelos de YZ y WR: YZ400 a\u00f1os 98 y 99, YZ426 a\u00f1os 2000 a 2002, WR400 a\u00f1os 98 a 2002, WR426 a\u00f1os 2001 a 2002. Referencia Yamaha: 5BE-2147A-00. Descatalogado. Solo disponemos de una unidad.<\/p>\n","protected":false},"featured_media":3497,"comment_status":"open","ping_status":"closed","template":"","meta":[],"product_brand":[],"product_cat":[27,43],"product_tag":[],"class_list":{"0":"post-3495","1":"product","2":"type-product","3":"status-publish","4":"has-post-thumbnail","6":"product_cat-la-pieceria","7":"product_cat-yamaha","9":"first","10":"instock","11":"sale","12":"taxable","13":"shipping-taxable","14":"purchasable","15":"product-type-simple"},"_links":{"self":[{"href":"https:\/\/motosfma.com\/en\/wp-json\/wp\/v2\/product\/3495","targetHints":{"allow":["GET"]}}],"collection":[{"href":"https:\/\/motosfma.com\/en\/wp-json\/wp\/v2\/product"}],"about":[{"href":"https:\/\/motosfma.com\/en\/wp-json\/wp\/v2\/types\/product"}],"replies":[{"embeddable":true,"href":"https:\/\/motosfma.com\/en\/wp-json\/wp\/v2\/comments?post=3495"}],"wp:featuredmedia":[{"embeddable":true,"href":"https:\/\/motosfma.com\/en\/wp-json\/wp\/v2\/media\/3497"}],"wp:attachment":[{"href":"https:\/\/motosfma.com\/en\/wp-json\/wp\/v2\/media?parent=3495"}],"wp:term":[{"taxonomy":"product_brand","embeddable":true,"href":"https:\/\/motosfma.com\/en\/wp-json\/wp\/v2\/product_brand?post=3495"},{"taxonomy":"product_cat","embeddable":true,"href":"https:\/\/motosfma.com\/en\/wp-json\/wp\/v2\/product_cat?post=3495"},{"taxonomy":"product_tag","embeddable":true,"href":"https:\/\/motosfma.com\/en\/wp-json\/wp\/v2\/product_tag?post=3495"}],"curies":[{"name":"wp","href":"https:\/\/api.w.org\/{rel}","templated":true}]}}