{"id":3254,"date":"2026-01-16T12:33:01","date_gmt":"2026-01-16T11:33:01","guid":{"rendered":"https:\/\/motosfma.com\/?post_type=product&#038;p=3254"},"modified":"2026-02-19T19:47:56","modified_gmt":"2026-02-19T18:47:56","slug":"culata-reconstruida-xt350","status":"publish","type":"product","link":"https:\/\/motosfma.com\/en\/producto\/culata-reconstruida-xt350\/","title":{"rendered":"Culata reconstruida XT350"},"content":{"rendered":"<p>Culata reconstruida para Yamaha XT350. Se realiza bajo pedido. Chorreada con arena y pintada. Con reglaje y esmerilado de v\u00e1lvulas, retenes de v\u00e1lvulas nuevos y ret\u00e9n descompresor nuevo. La junta de la tapa de balancines y los tapones de goma no son nuevos (pueden adquirirse nuevos en nuestra tienda por separado).\u00a0<\/p>\n","protected":false},"excerpt":{"rendered":"<p>Culata reconstruida para Yamaha XT350. Se realiza bajo pedido. Chorreada con arena y pintada. Con reglaje y esmerilado de v\u00e1lvulas, retenes de v\u00e1lvulas nuevos y ret\u00e9n descompresor nuevo. La junta de la tapa de balancines y los tapones de goma no son nuevos (pueden adquirirse nuevos en nuestra tienda por separado).\u00a0<\/p>\n","protected":false},"featured_media":3417,"comment_status":"open","ping_status":"closed","template":"","meta":[],"product_brand":[],"product_cat":[19,22],"product_tag":[],"class_list":{"0":"post-3254","1":"product","2":"type-product","3":"status-publish","4":"has-post-thumbnail","6":"product_cat-xt350","7":"product_cat-03-motor","9":"first","10":"onbackorder","11":"taxable","12":"shipping-taxable","13":"purchasable","14":"product-type-simple"},"_links":{"self":[{"href":"https:\/\/motosfma.com\/en\/wp-json\/wp\/v2\/product\/3254","targetHints":{"allow":["GET"]}}],"collection":[{"href":"https:\/\/motosfma.com\/en\/wp-json\/wp\/v2\/product"}],"about":[{"href":"https:\/\/motosfma.com\/en\/wp-json\/wp\/v2\/types\/product"}],"replies":[{"embeddable":true,"href":"https:\/\/motosfma.com\/en\/wp-json\/wp\/v2\/comments?post=3254"}],"wp:featuredmedia":[{"embeddable":true,"href":"https:\/\/motosfma.com\/en\/wp-json\/wp\/v2\/media\/3417"}],"wp:attachment":[{"href":"https:\/\/motosfma.com\/en\/wp-json\/wp\/v2\/media?parent=3254"}],"wp:term":[{"taxonomy":"product_brand","embeddable":true,"href":"https:\/\/motosfma.com\/en\/wp-json\/wp\/v2\/product_brand?post=3254"},{"taxonomy":"product_cat","embeddable":true,"href":"https:\/\/motosfma.com\/en\/wp-json\/wp\/v2\/product_cat?post=3254"},{"taxonomy":"product_tag","embeddable":true,"href":"https:\/\/motosfma.com\/en\/wp-json\/wp\/v2\/product_tag?post=3254"}],"curies":[{"name":"wp","href":"https:\/\/api.w.org\/{rel}","templated":true}]}}