{"id":3145,"date":"2025-12-26T18:51:35","date_gmt":"2025-12-26T17:51:35","guid":{"rendered":"https:\/\/motosfma.com\/?post_type=product&#038;p=3145"},"modified":"2026-03-13T12:58:02","modified_gmt":"2026-03-13T11:58:02","slug":"conjunto-de-radio-bmw-r-1200rt-2005-a-2009","status":"publish","type":"product","link":"https:\/\/motosfma.com\/en\/producto\/conjunto-de-radio-bmw-r-1200rt-2005-a-2009\/","title":{"rendered":"Conjunto de radio CD BMW R 1200RT 2005 a 2009"},"content":{"rendered":"<p>Conjunto original BMW para la instalaci\u00f3n de radio CD en BMW R1200RT 2005 a 2009 (K26), modelo mono\u00e1rbol de levas. NO es v\u00e1lido para el doble \u00e1rbol de levas.<\/p>\n<p>Guantera, botoneras, antena y altavoces. Una vez instalado el conjunto, necesita programaci\u00f3n con la moto para su funcionamiento.<\/p>\n","protected":false},"excerpt":{"rendered":"<p>Conjunto original BMW para la instalaci\u00f3n de radio CD en BMW R1200RT 2005 a 2009 (K26), modelo mono\u00e1rbol de levas. NO es v\u00e1lido para el doble \u00e1rbol de levas. Guantera, botoneras, antena y altavoces. Una vez instalado el conjunto, necesita programaci\u00f3n con la moto para su funcionamiento.<\/p>\n","protected":false},"featured_media":3146,"comment_status":"open","ping_status":"closed","template":"","meta":[],"product_brand":[],"product_cat":[28,41],"product_tag":[],"class_list":{"0":"post-3145","1":"product","2":"type-product","3":"status-publish","4":"has-post-thumbnail","6":"product_cat-bmw","7":"product_cat-r1200","9":"first","10":"instock","11":"sale","12":"taxable","13":"shipping-taxable","14":"purchasable","15":"product-type-simple"},"_links":{"self":[{"href":"https:\/\/motosfma.com\/en\/wp-json\/wp\/v2\/product\/3145","targetHints":{"allow":["GET"]}}],"collection":[{"href":"https:\/\/motosfma.com\/en\/wp-json\/wp\/v2\/product"}],"about":[{"href":"https:\/\/motosfma.com\/en\/wp-json\/wp\/v2\/types\/product"}],"replies":[{"embeddable":true,"href":"https:\/\/motosfma.com\/en\/wp-json\/wp\/v2\/comments?post=3145"}],"wp:featuredmedia":[{"embeddable":true,"href":"https:\/\/motosfma.com\/en\/wp-json\/wp\/v2\/media\/3146"}],"wp:attachment":[{"href":"https:\/\/motosfma.com\/en\/wp-json\/wp\/v2\/media?parent=3145"}],"wp:term":[{"taxonomy":"product_brand","embeddable":true,"href":"https:\/\/motosfma.com\/en\/wp-json\/wp\/v2\/product_brand?post=3145"},{"taxonomy":"product_cat","embeddable":true,"href":"https:\/\/motosfma.com\/en\/wp-json\/wp\/v2\/product_cat?post=3145"},{"taxonomy":"product_tag","embeddable":true,"href":"https:\/\/motosfma.com\/en\/wp-json\/wp\/v2\/product_tag?post=3145"}],"curies":[{"name":"wp","href":"https:\/\/api.w.org\/{rel}","templated":true}]}}