{"id":2862,"date":"2025-10-01T18:19:11","date_gmt":"2025-10-01T16:19:11","guid":{"rendered":"https:\/\/motosfma.com\/?post_type=product&#038;p=2862"},"modified":"2025-12-16T11:20:15","modified_gmt":"2025-12-16T10:20:15","slug":"set-cilindro-rectificado-xt600e-con-piston-wossner-9593-mm","status":"publish","type":"product","link":"https:\/\/motosfma.com\/en\/producto\/set-cilindro-rectificado-xt600e-con-piston-wossner-9593-mm\/","title":{"rendered":"Set cilindro rectificado XT600E con pist\u00f3n W\u00f6ssner 95,93 mm"},"content":{"rendered":"<p>Set de cilindro rectificado para Yamaha XT600E y pist\u00f3n nuevo forjado W\u00f6ssner, con segmentos, bul\u00f3n y circlips. V\u00e1lido para XT600E desde el a\u00f1o 1990.<\/p>\n<p>Este set no admite pago contrareembolso al superar el importe m\u00e1ximo de contrareembolso (200 euros)<\/p>\n","protected":false},"excerpt":{"rendered":"<p>Set de cilindro rectificado para Yamaha XT600E y pist\u00f3n nuevo forjado W\u00f6ssner, con segmentos, bul\u00f3n y circlips. V\u00e1lido para XT600E desde el a\u00f1o 1990. Este set no admite pago contrareembolso al superar el importe m\u00e1ximo de contrareembolso (200 euros)<\/p>\n","protected":false},"featured_media":2863,"comment_status":"open","ping_status":"closed","template":"","meta":[],"product_brand":[],"product_cat":[26,38],"product_tag":[],"class_list":{"0":"post-2862","1":"product","2":"type-product","3":"status-publish","4":"has-post-thumbnail","6":"product_cat-xt600","7":"product_cat-03-motor-xt600","9":"first","10":"instock","11":"taxable","12":"shipping-taxable","13":"purchasable","14":"product-type-simple"},"_links":{"self":[{"href":"https:\/\/motosfma.com\/en\/wp-json\/wp\/v2\/product\/2862","targetHints":{"allow":["GET"]}}],"collection":[{"href":"https:\/\/motosfma.com\/en\/wp-json\/wp\/v2\/product"}],"about":[{"href":"https:\/\/motosfma.com\/en\/wp-json\/wp\/v2\/types\/product"}],"replies":[{"embeddable":true,"href":"https:\/\/motosfma.com\/en\/wp-json\/wp\/v2\/comments?post=2862"}],"wp:featuredmedia":[{"embeddable":true,"href":"https:\/\/motosfma.com\/en\/wp-json\/wp\/v2\/media\/2863"}],"wp:attachment":[{"href":"https:\/\/motosfma.com\/en\/wp-json\/wp\/v2\/media?parent=2862"}],"wp:term":[{"taxonomy":"product_brand","embeddable":true,"href":"https:\/\/motosfma.com\/en\/wp-json\/wp\/v2\/product_brand?post=2862"},{"taxonomy":"product_cat","embeddable":true,"href":"https:\/\/motosfma.com\/en\/wp-json\/wp\/v2\/product_cat?post=2862"},{"taxonomy":"product_tag","embeddable":true,"href":"https:\/\/motosfma.com\/en\/wp-json\/wp\/v2\/product_tag?post=2862"}],"curies":[{"name":"wp","href":"https:\/\/api.w.org\/{rel}","templated":true}]}}